{"id":14,"date":"2022-09-22T10:51:16","date_gmt":"2022-09-22T10:51:16","guid":{"rendered":"http:\/\/liripetrovany.sk\/?page_id=14"},"modified":"2025-03-30T18:23:07","modified_gmt":"2025-03-30T18:23:07","slug":"kontakt","status":"publish","type":"page","link":"https:\/\/liripetrovany.sk\/?page_id=14","title":{"rendered":"Kontakt"},"content":{"rendered":"\n<div class=\"wp-block-group\"><div class=\"wp-block-group__inner-container is-layout-flow wp-block-group-is-layout-flow\">\n<h2 class=\"wp-block-heading alignwide has-text-align-center\">Kontaktn\u00e9 inform\u00e1cie<\/h2>\n\n\n\n<div class=\"wp-block-group is-vertical is-layout-flex wp-container-core-group-is-layout-1 wp-block-group-is-layout-flex\">\n<p>Riadite\u013e: Mgr. Mat\u00fa\u0161 Sabol<\/p>\n\n\n\n<p>LIRI n.o.<\/p>\n\n\n\n<p>Petrovany 316<\/p>\n\n\n\n<p>082 53 Petrovany<\/p>\n\n\n\n<p><\/p>\n\n\n\n<p>I\u010cO: 45 743 363<\/p>\n\n\n\n<p>Tel. 0915 540 724<\/p>\n\n\n\n<p>\u010c\u00edslo \u00fa\u010dtu: SK44 7500 0000 0040 2541 2827<\/p>\n\n\n\n<p><\/p>\n<\/div>\n<\/div><\/div>\n\n\n\n<div class=\"wp-block-group alignfull\"><div class=\"wp-block-group__inner-container is-layout-flow wp-block-group-is-layout-flow\"><\/div><\/div>\n\n\n\n<p><\/p>\n","protected":false},"excerpt":{"rendered":"<p>Kontaktn\u00e9 inform\u00e1cie Riadite\u013e: Mgr. Mat\u00fa\u0161 Sabol LIRI n.o. Petrovany 316 082 53 Petrovany I\u010cO: 45 743 363 Tel. 0915 540 724 \u010c\u00edslo \u00fa\u010dtu: SK44 7500 0000 0040 2541 2827<\/p>\n","protected":false},"author":1,"featured_media":0,"parent":0,"menu_order":0,"comment_status":"closed","ping_status":"closed","template":"","meta":{"_monsterinsights_skip_tracking":false,"_monsterinsights_sitenote_active":false,"_monsterinsights_sitenote_note":"","_monsterinsights_sitenote_category":0,"footnotes":""},"yoast_head":"<!-- This site is optimized with the Yoast SEO plugin v22.8 - https:\/\/yoast.com\/wordpress\/plugins\/seo\/ -->\n<title>Kontakt - LIRI n.o.<\/title>\n<meta name=\"robots\" content=\"index, follow, max-snippet:-1, max-image-preview:large, max-video-preview:-1\" \/>\n<link rel=\"canonical\" href=\"https:\/\/liripetrovany.sk\/?page_id=14\" \/>\n<meta property=\"og:locale\" content=\"sk_SK\" \/>\n<meta property=\"og:type\" content=\"article\" \/>\n<meta property=\"og:title\" content=\"Kontakt - LIRI n.o.\" \/>\n<meta property=\"og:description\" content=\"Kontaktn\u00e9 inform\u00e1cie Riadite\u013e: Mgr. Mat\u00fa\u0161 Sabol LIRI n.o. Petrovany 316 082 53 Petrovany I\u010cO: 45 743 363 Tel. 0915 540 724 \u010c\u00edslo \u00fa\u010dtu: SK44 7500 0000 0040 2541 2827\" \/>\n<meta property=\"og:url\" content=\"https:\/\/liripetrovany.sk\/?page_id=14\" \/>\n<meta property=\"og:site_name\" content=\"LIRI n.o.\" \/>\n<meta property=\"article:modified_time\" content=\"2025-03-30T18:23:07+00:00\" \/>\n<meta name=\"twitter:card\" content=\"summary_large_image\" \/>\n<meta name=\"twitter:label1\" content=\"Predpokladan\u00fd \u010das \u010d\u00edtania\" \/>\n\t<meta name=\"twitter:data1\" content=\"1 min\u00fata\" \/>\n<script type=\"application\/ld+json\" class=\"yoast-schema-graph\">{\"@context\":\"https:\/\/schema.org\",\"@graph\":[{\"@type\":\"WebPage\",\"@id\":\"https:\/\/liripetrovany.sk\/?page_id=14\",\"url\":\"https:\/\/liripetrovany.sk\/?page_id=14\",\"name\":\"Kontakt - LIRI n.o.\",\"isPartOf\":{\"@id\":\"http:\/\/liripetrovany.sk\/#website\"},\"datePublished\":\"2022-09-22T10:51:16+00:00\",\"dateModified\":\"2025-03-30T18:23:07+00:00\",\"breadcrumb\":{\"@id\":\"https:\/\/liripetrovany.sk\/?page_id=14#breadcrumb\"},\"inLanguage\":\"sk-SK\",\"potentialAction\":[{\"@type\":\"ReadAction\",\"target\":[\"https:\/\/liripetrovany.sk\/?page_id=14\"]}]},{\"@type\":\"BreadcrumbList\",\"@id\":\"https:\/\/liripetrovany.sk\/?page_id=14#breadcrumb\",\"itemListElement\":[{\"@type\":\"ListItem\",\"position\":1,\"name\":\"Home\",\"item\":\"http:\/\/liripetrovany.sk\/\"},{\"@type\":\"ListItem\",\"position\":2,\"name\":\"Kontakt\"}]},{\"@type\":\"WebSite\",\"@id\":\"http:\/\/liripetrovany.sk\/#website\",\"url\":\"http:\/\/liripetrovany.sk\/\",\"name\":\"LIRI n.o.\",\"description\":\"Zariadenie pre seniorov\",\"potentialAction\":[{\"@type\":\"SearchAction\",\"target\":{\"@type\":\"EntryPoint\",\"urlTemplate\":\"http:\/\/liripetrovany.sk\/?s={search_term_string}\"},\"query-input\":\"required name=search_term_string\"}],\"inLanguage\":\"sk-SK\"}]}<\/script>\n<!-- \/ Yoast SEO plugin. -->","yoast_head_json":{"title":"Kontakt - LIRI n.o.","robots":{"index":"index","follow":"follow","max-snippet":"max-snippet:-1","max-image-preview":"max-image-preview:large","max-video-preview":"max-video-preview:-1"},"canonical":"https:\/\/liripetrovany.sk\/?page_id=14","og_locale":"sk_SK","og_type":"article","og_title":"Kontakt - LIRI n.o.","og_description":"Kontaktn\u00e9 inform\u00e1cie Riadite\u013e: Mgr. Mat\u00fa\u0161 Sabol LIRI n.o. Petrovany 316 082 53 Petrovany I\u010cO: 45 743 363 Tel. 0915 540 724 \u010c\u00edslo \u00fa\u010dtu: SK44 7500 0000 0040 2541 2827","og_url":"https:\/\/liripetrovany.sk\/?page_id=14","og_site_name":"LIRI n.o.","article_modified_time":"2025-03-30T18:23:07+00:00","twitter_card":"summary_large_image","twitter_misc":{"Predpokladan\u00fd \u010das \u010d\u00edtania":"1 min\u00fata"},"schema":{"@context":"https:\/\/schema.org","@graph":[{"@type":"WebPage","@id":"https:\/\/liripetrovany.sk\/?page_id=14","url":"https:\/\/liripetrovany.sk\/?page_id=14","name":"Kontakt - LIRI n.o.","isPartOf":{"@id":"http:\/\/liripetrovany.sk\/#website"},"datePublished":"2022-09-22T10:51:16+00:00","dateModified":"2025-03-30T18:23:07+00:00","breadcrumb":{"@id":"https:\/\/liripetrovany.sk\/?page_id=14#breadcrumb"},"inLanguage":"sk-SK","potentialAction":[{"@type":"ReadAction","target":["https:\/\/liripetrovany.sk\/?page_id=14"]}]},{"@type":"BreadcrumbList","@id":"https:\/\/liripetrovany.sk\/?page_id=14#breadcrumb","itemListElement":[{"@type":"ListItem","position":1,"name":"Home","item":"http:\/\/liripetrovany.sk\/"},{"@type":"ListItem","position":2,"name":"Kontakt"}]},{"@type":"WebSite","@id":"http:\/\/liripetrovany.sk\/#website","url":"http:\/\/liripetrovany.sk\/","name":"LIRI n.o.","description":"Zariadenie pre seniorov","potentialAction":[{"@type":"SearchAction","target":{"@type":"EntryPoint","urlTemplate":"http:\/\/liripetrovany.sk\/?s={search_term_string}"},"query-input":"required name=search_term_string"}],"inLanguage":"sk-SK"}]}},"_links":{"self":[{"href":"https:\/\/liripetrovany.sk\/index.php?rest_route=\/wp\/v2\/pages\/14"}],"collection":[{"href":"https:\/\/liripetrovany.sk\/index.php?rest_route=\/wp\/v2\/pages"}],"about":[{"href":"https:\/\/liripetrovany.sk\/index.php?rest_route=\/wp\/v2\/types\/page"}],"author":[{"embeddable":true,"href":"https:\/\/liripetrovany.sk\/index.php?rest_route=\/wp\/v2\/users\/1"}],"replies":[{"embeddable":true,"href":"https:\/\/liripetrovany.sk\/index.php?rest_route=%2Fwp%2Fv2%2Fcomments&post=14"}],"version-history":[{"count":6,"href":"https:\/\/liripetrovany.sk\/index.php?rest_route=\/wp\/v2\/pages\/14\/revisions"}],"predecessor-version":[{"id":313,"href":"https:\/\/liripetrovany.sk\/index.php?rest_route=\/wp\/v2\/pages\/14\/revisions\/313"}],"wp:attachment":[{"href":"https:\/\/liripetrovany.sk\/index.php?rest_route=%2Fwp%2Fv2%2Fmedia&parent=14"}],"curies":[{"name":"wp","href":"https:\/\/api.w.org\/{rel}","templated":true}]}}